{"id":2194,"date":"2020-10-14T12:06:53","date_gmt":"2020-10-14T16:06:53","guid":{"rendered":"https:\/\/waybo.com\/?page_id=2194"},"modified":"2024-06-14T16:12:07","modified_gmt":"2024-06-14T20:12:07","slug":"carroucell","status":"publish","type":"page","link":"https:\/\/waybo.com\/en\/products\/carroucell\/","title":{"rendered":"CarrouCell"},"content":{"rendered":"<section class=\"wpb-content-wrapper\"><p>[vc_row layout=&#8221;boxed&#8221; video_link=&#8221;&#8221; parallax_scroll_effect=&#8221;fixed&#8221; css=&#8221;.vc_custom_1569266230099{margin-bottom: 40px !important;}&#8221;][vc_column el_class=&#8221;center-text&#8221;]\t\t\t<div\n\t\t\t\tclass=\"darna-heading style1 \" >\n\t\t\t\t\t\t\t\t\t<h2>CarrouCell<\/h2>\n\t\t\t\t\t\t\t\t\t\t\t<\/div>\n\t\t\t[vc_empty_space][vc_column_text]<\/p>\n<h3 style=\"text-align: center;\"><span class=\"tlid-translation translation\" lang=\"en\"><span class=\"\" title=\"\">Waybo&#8217;s CarrouCell system is designed to supply CNC machining centers using pallets.<\/span> <span class=\"\" title=\"\">The system can hold a large number of pallets and no robotic programming is required.<\/span> <span class=\"\" title=\"\">The entire production is managed by our WMS software.<\/span><\/span><\/h3>\n<h3><\/h3>\n<p>[\/vc_column_text][\/vc_column][\/vc_row][vc_row layout=&#8221;boxed&#8221; video_link=&#8221;&#8221; parallax_scroll_effect=&#8221;fixed&#8221;][vc_column width=&#8221;1\/3&#8243; el_class=&#8221;center-text&#8221;][vc_gallery type=&#8221;flexslider_slide&#8221; interval=&#8221;10&#8243; images=&#8221;2196,2198,2200&#8243; img_size=&#8221;full&#8221;][\/vc_column][vc_column width=&#8221;2\/3&#8243;][vc_column_text el_class=&#8221;darna-list-style&#8221;]<\/p>\n<h2>Characteristics and Advantages<\/h2>\n<ul>\n<li>Carousel for 72 pallets<\/li>\n<li><span class=\"tlid-translation translation\" lang=\"en\"><span class=\"\" title=\"\">Compact and movable<\/span><\/span><\/li>\n<li><span class=\"tlid-translation translation\" lang=\"en\"><span class=\"\" title=\"\">Compatible with all brands of CNC<\/span><\/span><\/li>\n<li><span class=\"tlid-translation translation\" lang=\"en\"><span title=\"\">Loading from the front or side of the CNC<\/span><\/span><\/li>\n<li><span class=\"tlid-translation translation\" lang=\"en\"><span title=\"\">Pallets of standard dimensions or custom-made according to your needs<\/span><\/span><\/li>\n<li><span class=\"tlid-translation translation\" lang=\"en\"><span class=\"\" title=\"\">Optional production prioritization software <\/span><\/span>: <a href=\"https:\/\/waybo.com\/en\/products\/waybo-manager-software\/\">Waybo Manager Software<\/a><\/li>\n<\/ul>\n<p>[\/vc_column_text][\/vc_column][\/vc_row][vc_row layout=&#8221;container-fluid&#8221; video_link=&#8221;&#8221; parallax_scroll_effect=&#8221;fixed&#8221; css=&#8221;.vc_custom_1568835411798{margin-top: 50px !important;padding-top: 30px !important;padding-bottom: 30px !important;background-color: #f8f8f8 !important;}&#8221;][vc_column][vc_row_inner layout=&#8221;boxed&#8221; el_class=&#8221;center-text&#8221;][vc_column_inner width=&#8221;1\/3&#8243;]\t\t\t\t\t\t<a class=\"darna-button size-lg style4 icon-left  \"\n\t\t\t   href=\"https:\/\/waybo.com\/en\/products\/\"\n\t\t\t   title=\"Other products\"\n\t\t\t   target=\"_self\"\n\t\t\t\t>\n\t\t\t\t<i class=\"fa fa-angle-double-left\"><\/i> Other products\t\t\t<\/a>\n\t\t\t\t\t[\/vc_column_inner][vc_column_inner width=&#8221;1\/3&#8243;]\t\t\t\t\t\t<a class=\"darna-button size-lg style4 icon-left  \"\n\t\t\t   href=\"https:\/\/waybo.com\/en\/contact\/?soumission=CarrouCell\"\n\t\t\t   title=\"Request a quote\"\n\t\t\t   target=\"_self\"\n\t\t\t\t>\n\t\t\t\t<i class=\"fa fa-envelope-o\"><\/i> Request a quote\t\t\t<\/a>\n\t\t\t\t\t[\/vc_column_inner][vc_column_inner width=&#8221;1\/3&#8243;]\t\t\t\t\t\t<a class=\"darna-button size-lg style4 icon-left  \"\n\t\t\t   href=\"https:\/\/waybo.com\/wp-content\/uploads\/Waybo-Feuillets_CarouCell.pdf\"\n\t\t\t   title=\"Technical sheet\"\n\t\t\t   target=\"_blank\"\n\t\t\t\t>\n\t\t\t\t<i class=\"fa fa-file-pdf-o\"><\/i> Technical sheet\t\t\t<\/a>\n\t\t\t\t\t[\/vc_column_inner][\/vc_row_inner][\/vc_column][\/vc_row]<\/p>\n<\/section>","protected":false},"excerpt":{"rendered":"<p>[vc_row layout=&#8221;boxed&#8221; video_link=&#8221;&#8221; parallax_scroll_effect=&#8221;fixed&#8221; css=&#8221;.vc_custom_1569266230099{margin-bottom: 40px !important;}&#8221;][vc_column el_class=&#8221;center-text&#8221;][vc_empty_space][vc_column_text] Waybo&#8217;s CarrouCell system is designed to supply CNC machining centers using pallets. The system can hold a large number of pallets and no robotic programming is required. The entire production is managed by our WMS software. [\/vc_column_text][\/vc_column][\/vc_row][vc_row layout=&#8221;boxed&#8221; video_link=&#8221;&#8221; parallax_scroll_effect=&#8221;fixed&#8221;][vc_column width=&#8221;1\/3&#8243; el_class=&#8221;center-text&#8221;][vc_gallery type=&#8221;flexslider_slide&#8221; interval=&#8221;10&#8243; images=&#8221;2196,2198,2200&#8243; img_size=&#8221;full&#8221;][\/vc_column][vc_column width=&#8221;2\/3&#8243;][vc_column_text [&hellip;]<\/p>\n","protected":false},"author":2,"featured_media":0,"parent":1446,"menu_order":0,"comment_status":"closed","ping_status":"closed","template":"","meta":{"_acf_changed":false,"footnotes":""},"class_list":["post-2194","page","type-page","status-publish","hentry"],"acf":[],"yoast_head":"<!-- This site is optimized with the Yoast SEO plugin v23.4 - https:\/\/yoast.com\/wordpress\/plugins\/seo\/ -->\n<title>CarrouCell - Waybo<\/title>\n<meta name=\"description\" content=\"Optimiser la performance des entreprises tout en r\u00e9duisant les co\u00fbts de production. \u00c9quipements qui augmentent le rendement des entreprises, cellule robotis\u00e9e. Partenaire des produits Kuka.\" \/>\n<meta name=\"robots\" content=\"index, follow, max-snippet:-1, max-image-preview:large, max-video-preview:-1\" \/>\n<link rel=\"canonical\" href=\"https:\/\/waybo.com\/en\/products\/carroucell\/\" \/>\n<meta property=\"og:locale\" content=\"en_US\" \/>\n<meta property=\"og:type\" content=\"article\" \/>\n<meta property=\"og:title\" content=\"CarrouCell - Waybo\" \/>\n<meta property=\"og:description\" content=\"Optimiser la performance des entreprises tout en r\u00e9duisant les co\u00fbts de production. \u00c9quipements qui augmentent le rendement des entreprises, cellule robotis\u00e9e. Partenaire des produits Kuka.\" \/>\n<meta property=\"og:url\" content=\"https:\/\/waybo.com\/en\/products\/carroucell\/\" \/>\n<meta property=\"og:site_name\" content=\"Waybo\" \/>\n<meta property=\"article:publisher\" content=\"https:\/\/www.facebook.com\/Waybo-483601682375217\/\" \/>\n<meta property=\"article:modified_time\" content=\"2024-06-14T20:12:07+00:00\" \/>\n<meta property=\"og:image\" content=\"https:\/\/waybo.com\/wp-content\/uploads\/slider-produits.jpg\" \/>\n\t<meta property=\"og:image:width\" content=\"2000\" \/>\n\t<meta property=\"og:image:height\" content=\"975\" \/>\n\t<meta property=\"og:image:type\" content=\"image\/jpeg\" \/>\n<meta name=\"twitter:card\" content=\"summary_large_image\" \/>\n<meta name=\"twitter:label1\" content=\"Est. reading time\" \/>\n\t<meta name=\"twitter:data1\" content=\"1 minute\" \/>\n<script type=\"application\/ld+json\" class=\"yoast-schema-graph\">{\"@context\":\"https:\/\/schema.org\",\"@graph\":[{\"@type\":\"WebPage\",\"@id\":\"https:\/\/waybo.com\/en\/products\/carroucell\/\",\"url\":\"https:\/\/waybo.com\/en\/products\/carroucell\/\",\"name\":\"CarrouCell - Waybo\",\"isPartOf\":{\"@id\":\"https:\/\/waybo.com\/en\/#website\"},\"datePublished\":\"2020-10-14T16:06:53+00:00\",\"dateModified\":\"2024-06-14T20:12:07+00:00\",\"description\":\"Optimiser la performance des entreprises tout en r\u00e9duisant les co\u00fbts de production. \u00c9quipements qui augmentent le rendement des entreprises, cellule robotis\u00e9e. Partenaire des produits Kuka.\",\"breadcrumb\":{\"@id\":\"https:\/\/waybo.com\/en\/products\/carroucell\/#breadcrumb\"},\"inLanguage\":\"en-US\",\"potentialAction\":[{\"@type\":\"ReadAction\",\"target\":[\"https:\/\/waybo.com\/en\/products\/carroucell\/\"]}]},{\"@type\":\"BreadcrumbList\",\"@id\":\"https:\/\/waybo.com\/en\/products\/carroucell\/#breadcrumb\",\"itemListElement\":[{\"@type\":\"ListItem\",\"position\":1,\"name\":\"Accueil\",\"item\":\"https:\/\/waybo.com\/en\/\"},{\"@type\":\"ListItem\",\"position\":2,\"name\":\"Products\",\"item\":\"https:\/\/waybo.com\/en\/products\/\"},{\"@type\":\"ListItem\",\"position\":3,\"name\":\"CarrouCell\"}]},{\"@type\":\"WebSite\",\"@id\":\"https:\/\/waybo.com\/en\/#website\",\"url\":\"https:\/\/waybo.com\/en\/\",\"name\":\"Waybo\",\"description\":\"We Automate Your business' Operations\",\"potentialAction\":[{\"@type\":\"SearchAction\",\"target\":{\"@type\":\"EntryPoint\",\"urlTemplate\":\"https:\/\/waybo.com\/en\/?s={search_term_string}\"},\"query-input\":{\"@type\":\"PropertyValueSpecification\",\"valueRequired\":true,\"valueName\":\"search_term_string\"}}],\"inLanguage\":\"en-US\"}]}<\/script>\n<!-- \/ Yoast SEO plugin. -->","yoast_head_json":{"title":"CarrouCell - Waybo","description":"Optimiser la performance des entreprises tout en r\u00e9duisant les co\u00fbts de production. \u00c9quipements qui augmentent le rendement des entreprises, cellule robotis\u00e9e. Partenaire des produits Kuka.","robots":{"index":"index","follow":"follow","max-snippet":"max-snippet:-1","max-image-preview":"max-image-preview:large","max-video-preview":"max-video-preview:-1"},"canonical":"https:\/\/waybo.com\/en\/products\/carroucell\/","og_locale":"en_US","og_type":"article","og_title":"CarrouCell - Waybo","og_description":"Optimiser la performance des entreprises tout en r\u00e9duisant les co\u00fbts de production. \u00c9quipements qui augmentent le rendement des entreprises, cellule robotis\u00e9e. Partenaire des produits Kuka.","og_url":"https:\/\/waybo.com\/en\/products\/carroucell\/","og_site_name":"Waybo","article_publisher":"https:\/\/www.facebook.com\/Waybo-483601682375217\/","article_modified_time":"2024-06-14T20:12:07+00:00","og_image":[{"width":2000,"height":975,"url":"https:\/\/waybo.com\/wp-content\/uploads\/slider-produits.jpg","type":"image\/jpeg"}],"twitter_card":"summary_large_image","twitter_misc":{"Est. reading time":"1 minute"},"schema":{"@context":"https:\/\/schema.org","@graph":[{"@type":"WebPage","@id":"https:\/\/waybo.com\/en\/products\/carroucell\/","url":"https:\/\/waybo.com\/en\/products\/carroucell\/","name":"CarrouCell - Waybo","isPartOf":{"@id":"https:\/\/waybo.com\/en\/#website"},"datePublished":"2020-10-14T16:06:53+00:00","dateModified":"2024-06-14T20:12:07+00:00","description":"Optimiser la performance des entreprises tout en r\u00e9duisant les co\u00fbts de production. \u00c9quipements qui augmentent le rendement des entreprises, cellule robotis\u00e9e. Partenaire des produits Kuka.","breadcrumb":{"@id":"https:\/\/waybo.com\/en\/products\/carroucell\/#breadcrumb"},"inLanguage":"en-US","potentialAction":[{"@type":"ReadAction","target":["https:\/\/waybo.com\/en\/products\/carroucell\/"]}]},{"@type":"BreadcrumbList","@id":"https:\/\/waybo.com\/en\/products\/carroucell\/#breadcrumb","itemListElement":[{"@type":"ListItem","position":1,"name":"Accueil","item":"https:\/\/waybo.com\/en\/"},{"@type":"ListItem","position":2,"name":"Products","item":"https:\/\/waybo.com\/en\/products\/"},{"@type":"ListItem","position":3,"name":"CarrouCell"}]},{"@type":"WebSite","@id":"https:\/\/waybo.com\/en\/#website","url":"https:\/\/waybo.com\/en\/","name":"Waybo","description":"We Automate Your business' Operations","potentialAction":[{"@type":"SearchAction","target":{"@type":"EntryPoint","urlTemplate":"https:\/\/waybo.com\/en\/?s={search_term_string}"},"query-input":{"@type":"PropertyValueSpecification","valueRequired":true,"valueName":"search_term_string"}}],"inLanguage":"en-US"}]}},"_links":{"self":[{"href":"https:\/\/waybo.com\/en\/wp-json\/wp\/v2\/pages\/2194"}],"collection":[{"href":"https:\/\/waybo.com\/en\/wp-json\/wp\/v2\/pages"}],"about":[{"href":"https:\/\/waybo.com\/en\/wp-json\/wp\/v2\/types\/page"}],"author":[{"embeddable":true,"href":"https:\/\/waybo.com\/en\/wp-json\/wp\/v2\/users\/2"}],"replies":[{"embeddable":true,"href":"https:\/\/waybo.com\/en\/wp-json\/wp\/v2\/comments?post=2194"}],"version-history":[{"count":3,"href":"https:\/\/waybo.com\/en\/wp-json\/wp\/v2\/pages\/2194\/revisions"}],"predecessor-version":[{"id":3670,"href":"https:\/\/waybo.com\/en\/wp-json\/wp\/v2\/pages\/2194\/revisions\/3670"}],"up":[{"embeddable":true,"href":"https:\/\/waybo.com\/en\/wp-json\/wp\/v2\/pages\/1446"}],"wp:attachment":[{"href":"https:\/\/waybo.com\/en\/wp-json\/wp\/v2\/media?parent=2194"}],"curies":[{"name":"wp","href":"https:\/\/api.w.org\/{rel}","templated":true}]}}