{"id":2054,"date":"2020-03-06T15:36:16","date_gmt":"2020-03-06T20:36:16","guid":{"rendered":"https:\/\/waybo.com\/?page_id=2054"},"modified":"2020-03-25T13:29:49","modified_gmt":"2020-03-25T17:29:49","slug":"apply","status":"publish","type":"page","link":"https:\/\/waybo.com\/en\/apply\/","title":{"rendered":"Apply"},"content":{"rendered":"<section class=\"wpb-content-wrapper\"><p>[vc_row layout=&#8221;boxed&#8221; parallax_style=&#8221;none&#8221; parallax_scroll_effect=&#8221;fixed&#8221; el_class=&#8221;margin-bottom-100&#8243;][vc_column width=&#8221;2\/3&#8243;][vc_custom_heading text=&#8221;Apply&#8221; font_container=&#8221;tag:h3|text_align:left&#8221; use_theme_fonts=&#8221;yes&#8221;]\n<div class=\"wpcf7 no-js\" id=\"wpcf7-f2131-o1\" lang=\"fr-FR\" dir=\"ltr\">\n<div class=\"screen-reader-response\"><p role=\"status\" aria-live=\"polite\" aria-atomic=\"true\"><\/p> <ul><\/ul><\/div>\n<form action=\"\/en\/wp-json\/wp\/v2\/pages\/2054#wpcf7-f2131-o1\" method=\"post\" class=\"wpcf7-form init\" aria-label=\"Formulaire de contact\" enctype=\"multipart\/form-data\" novalidate=\"novalidate\" data-status=\"init\">\n<div style=\"display: none;\">\n<input type=\"hidden\" name=\"_wpcf7\" value=\"2131\" \/>\n<input type=\"hidden\" name=\"_wpcf7_version\" value=\"5.9.8\" \/>\n<input type=\"hidden\" name=\"_wpcf7_locale\" value=\"fr_FR\" \/>\n<input type=\"hidden\" name=\"_wpcf7_unit_tag\" value=\"wpcf7-f2131-o1\" \/>\n<input type=\"hidden\" name=\"_wpcf7_container_post\" value=\"0\" \/>\n<input type=\"hidden\" name=\"_wpcf7_posted_data_hash\" value=\"\" \/>\n<input type=\"hidden\" name=\"_wpcf7dtx_version\" value=\"5.0.3\" \/>\n<input type=\"hidden\" name=\"_wpcf7cf_hidden_group_fields\" value=\"[]\" \/>\n<input type=\"hidden\" name=\"_wpcf7cf_hidden_groups\" value=\"[]\" \/>\n<input type=\"hidden\" name=\"_wpcf7cf_visible_groups\" value=\"[]\" \/>\n<input type=\"hidden\" name=\"_wpcf7cf_repeaters\" value=\"[]\" \/>\n<input type=\"hidden\" name=\"_wpcf7cf_steps\" value=\"{}\" \/>\n<input type=\"hidden\" name=\"_wpcf7cf_options\" value=\"{&quot;form_id&quot;:2131,&quot;conditions&quot;:[],&quot;settings&quot;:{&quot;animation&quot;:&quot;yes&quot;,&quot;animation_intime&quot;:200,&quot;animation_outtime&quot;:200,&quot;conditions_ui&quot;:&quot;normal&quot;,&quot;notice_dismissed&quot;:false,&quot;notice_dismissed_rollback-cf7-5.8.6&quot;:true,&quot;notice_dismissed_rollback-cf7-5.9.5&quot;:true,&quot;notice_dismissed_update-cf7-6.1.1&quot;:true}}\" \/>\n<input type=\"hidden\" name=\"_wpcf7_recaptcha_response\" value=\"\" \/>\n<\/div>\n<p><label>Position:<\/label><br \/>\n<span class=\"wpcf7-form-control-wrap dynamic-poste\" data-name=\"dynamic-poste\"><input type=\"text\" name=\"dynamic-poste\" id=\"dynamic-poste\" class=\"wpcf7-form-control wpcf7-text wpcf7dtx wpcf7dtx-text\" aria-invalid=\"false\" readonly=\"readonly\"><\/span>\n<\/p>\n<p><label>Name:<\/label><br \/>\n<span class=\"wpcf7-form-control-wrap\" data-name=\"nom\"><input size=\"40\" maxlength=\"400\" class=\"wpcf7-form-control wpcf7-text wpcf7-validates-as-required\" aria-required=\"true\" aria-invalid=\"false\" value=\"\" type=\"text\" name=\"nom\" \/><\/span>\n<\/p>\n<p><label>Email:<\/label><br \/>\n<span class=\"wpcf7-form-control-wrap\" data-name=\"courriel\"><input size=\"40\" maxlength=\"400\" class=\"wpcf7-form-control wpcf7-email wpcf7-validates-as-required wpcf7-text wpcf7-validates-as-email\" aria-required=\"true\" aria-invalid=\"false\" value=\"\" type=\"email\" name=\"courriel\" \/><\/span>\n<\/p>\n<p><label>Phone:<\/label><br \/>\n<span class=\"wpcf7-form-control-wrap\" data-name=\"telephone\"><input size=\"40\" maxlength=\"400\" class=\"wpcf7-form-control wpcf7-text\" aria-invalid=\"false\" value=\"\" type=\"text\" name=\"telephone\" \/><\/span>\n<\/p>\n<p><label>How did you hear about us?<\/label><br \/>\n<span class=\"wpcf7-form-control-wrap\" data-name=\"description\"><textarea cols=\"40\" rows=\"10\" maxlength=\"2000\" class=\"wpcf7-form-control wpcf7-textarea\" aria-invalid=\"false\" name=\"description\"><\/textarea><\/span>\n<\/p>\n<p><label>Download CV<\/label><br \/>\n<span class=\"wpcf7-form-control-wrap\" data-name=\"cv\"><input size=\"40\" class=\"wpcf7-form-control wpcf7-file\" id=\"cv\" accept=\".pdf,.doc,.docx\" aria-invalid=\"false\" type=\"file\" name=\"cv\" \/><\/span>\n<\/p>\n<p><label>Cover letter<\/label><br \/>\n<span class=\"wpcf7-form-control-wrap\" data-name=\"lettre\"><input size=\"40\" class=\"wpcf7-form-control wpcf7-file\" id=\"lettre\" accept=\".pdf,.doc,.docx\" aria-invalid=\"false\" type=\"file\" name=\"lettre\" \/><\/span>\n<\/p>\n<p><input class=\"wpcf7-form-control wpcf7-submit has-spinner\" type=\"submit\" value=\"Submit\" \/>\n<\/p><div class=\"wpcf7-response-output\" aria-hidden=\"true\"><\/div>\n<\/form>\n<\/div>\n[\/vc_column][vc_column width=&#8221;1\/3&#8243;][vc_gmaps link=&#8221;#E-8_JTNDaWZyYW1lJTIwc3JjJTNEJTIyaHR0cHMlM0ElMkYlMkZ3d3cuZ29vZ2xlLmNvbSUyRm1hcHMlMkZlbWJlZCUzRnBiJTNEJTIxMW0xOCUyMTFtMTIlMjExbTMlMjExZDI3ODYuODAwMTc0MDk4NDE2JTIxMmQtNzMuOTMwMDQzMzg0MTU5MjglMjEzZDQ1LjY5NDk4MjAyNjAzNDg4NiUyMTJtMyUyMTFmMCUyMTJmMCUyMTNmMCUyMTNtMiUyMTFpMTAyNCUyMTJpNzY4JTIxNGYxMy4xJTIxM20zJTIxMW0yJTIxMXMweDRjYzhkNWUzMjg4YTU1ODklMjUzQTB4NzA4YWUzN2VjMTYyZWNkZCUyMTJzQXV0b21hdGlvbiUyQiUyNUMzJTI1ODljbGFpciUyMTVlMCUyMTNtMiUyMTFzZW4lMjEyc2NhJTIxNHYxNTYxMDUyNTU5ODEyJTIxNW0yJTIxMXNlbiUyMTJzY2ElMjIlMjB3aWR0aCUzRCUyMjEwMCUyNSUyMiUyMGhlaWdodCUzRCUyMjIwMCUyMiUyMGZyYW1lYm9yZGVyJTNEJTIyMCUyMiUyMHN0eWxlJTNEJTIyYm9yZGVyJTNBMCUyMiUyMGFsbG93ZnVsbHNjcmVlbiUzRSUzQyUyRmlmcmFtZSUzRQ==&#8221; size=&#8221;300&#8243;][vc_column_text css=&#8221;.vc_custom_1568218318454{margin-top: 20px !important;}&#8221;]<strong>12950, rue Brault, local 100<\/strong><br \/>\n<strong>Mirabel, Qu\u00e9bec J7J 0W4<\/strong><br \/>\n<strong>Canada<\/strong><\/p>\n<p><a href=\"tel:5796371483\"><strong>579-637-1483<\/strong><\/a><br \/>\n<a href=\"mailto:info@waybo.com\"><strong>info@waybo.com<\/strong><\/a>[\/vc_column_text][\/vc_column][\/vc_row]<\/p>\n<\/section>","protected":false},"excerpt":{"rendered":"<p>[vc_row layout=&#8221;boxed&#8221; parallax_style=&#8221;none&#8221; parallax_scroll_effect=&#8221;fixed&#8221; el_class=&#8221;margin-bottom-100&#8243;][vc_column width=&#8221;2\/3&#8243;][vc_custom_heading text=&#8221;Apply&#8221; font_container=&#8221;tag:h3|text_align:left&#8221; use_theme_fonts=&#8221;yes&#8221;][\/vc_column][vc_column width=&#8221;1\/3&#8243;][vc_gmaps link=&#8221;#E-8_JTNDaWZyYW1lJTIwc3JjJTNEJTIyaHR0cHMlM0ElMkYlMkZ3d3cuZ29vZ2xlLmNvbSUyRm1hcHMlMkZlbWJlZCUzRnBiJTNEJTIxMW0xOCUyMTFtMTIlMjExbTMlMjExZDI3ODYuODAwMTc0MDk4NDE2JTIxMmQtNzMuOTMwMDQzMzg0MTU5MjglMjEzZDQ1LjY5NDk4MjAyNjAzNDg4NiUyMTJtMyUyMTFmMCUyMTJmMCUyMTNmMCUyMTNtMiUyMTFpMTAyNCUyMTJpNzY4JTIxNGYxMy4xJTIxM20zJTIxMW0yJTIxMXMweDRjYzhkNWUzMjg4YTU1ODklMjUzQTB4NzA4YWUzN2VjMTYyZWNkZCUyMTJzQXV0b21hdGlvbiUyQiUyNUMzJTI1ODljbGFpciUyMTVlMCUyMTNtMiUyMTFzZW4lMjEyc2NhJTIxNHYxNTYxMDUyNTU5ODEyJTIxNW0yJTIxMXNlbiUyMTJzY2ElMjIlMjB3aWR0aCUzRCUyMjEwMCUyNSUyMiUyMGhlaWdodCUzRCUyMjIwMCUyMiUyMGZyYW1lYm9yZGVyJTNEJTIyMCUyMiUyMHN0eWxlJTNEJTIyYm9yZGVyJTNBMCUyMiUyMGFsbG93ZnVsbHNjcmVlbiUzRSUzQyUyRmlmcmFtZSUzRQ==&#8221; size=&#8221;300&#8243;][vc_column_text css=&#8221;.vc_custom_1568218318454{margin-top: 20px !important;}&#8221;]12950, rue Brault, local 100 Mirabel, Qu\u00e9bec J7J 0W4 Canada 579-637-1483 info@waybo.com[\/vc_column_text][\/vc_column][\/vc_row]<\/p>\n","protected":false},"author":1,"featured_media":0,"parent":0,"menu_order":0,"comment_status":"closed","ping_status":"closed","template":"","meta":{"_acf_changed":false,"footnotes":""},"class_list":["post-2054","page","type-page","status-publish","hentry"],"acf":[],"yoast_head":"<!-- This site is optimized with the Yoast SEO plugin v23.4 - https:\/\/yoast.com\/wordpress\/plugins\/seo\/ -->\n<title>Apply - Waybo<\/title>\n<meta name=\"description\" content=\"Optimiser la performance des entreprises tout en r\u00e9duisant les co\u00fbts de production. \u00c9quipements qui augmentent le rendement des entreprises, cellule robotis\u00e9e. Partenaire des produits Kuka.\" \/>\n<meta name=\"robots\" content=\"index, follow, max-snippet:-1, max-image-preview:large, max-video-preview:-1\" \/>\n<link rel=\"canonical\" href=\"https:\/\/waybo.com\/en\/apply\/\" \/>\n<meta property=\"og:locale\" content=\"en_US\" \/>\n<meta property=\"og:type\" content=\"article\" \/>\n<meta property=\"og:title\" content=\"Apply - Waybo\" \/>\n<meta property=\"og:description\" content=\"Optimiser la performance des entreprises tout en r\u00e9duisant les co\u00fbts de production. \u00c9quipements qui augmentent le rendement des entreprises, cellule robotis\u00e9e. Partenaire des produits Kuka.\" \/>\n<meta property=\"og:url\" content=\"https:\/\/waybo.com\/en\/apply\/\" \/>\n<meta property=\"og:site_name\" content=\"Waybo\" \/>\n<meta property=\"article:publisher\" content=\"https:\/\/www.facebook.com\/Waybo-483601682375217\/\" \/>\n<meta property=\"article:modified_time\" content=\"2020-03-25T17:29:49+00:00\" \/>\n<meta property=\"og:image\" content=\"https:\/\/waybo.com\/wp-content\/uploads\/slider-produits.jpg\" \/>\n\t<meta property=\"og:image:width\" content=\"2000\" \/>\n\t<meta property=\"og:image:height\" content=\"975\" \/>\n\t<meta property=\"og:image:type\" content=\"image\/jpeg\" \/>\n<meta name=\"twitter:card\" content=\"summary_large_image\" \/>\n<meta name=\"twitter:label1\" content=\"Est. reading time\" \/>\n\t<meta name=\"twitter:data1\" content=\"1 minute\" \/>\n<script type=\"application\/ld+json\" class=\"yoast-schema-graph\">{\"@context\":\"https:\/\/schema.org\",\"@graph\":[{\"@type\":\"WebPage\",\"@id\":\"https:\/\/waybo.com\/en\/apply\/\",\"url\":\"https:\/\/waybo.com\/en\/apply\/\",\"name\":\"Apply - Waybo\",\"isPartOf\":{\"@id\":\"https:\/\/waybo.com\/en\/#website\"},\"datePublished\":\"2020-03-06T20:36:16+00:00\",\"dateModified\":\"2020-03-25T17:29:49+00:00\",\"description\":\"Optimiser la performance des entreprises tout en r\u00e9duisant les co\u00fbts de production. \u00c9quipements qui augmentent le rendement des entreprises, cellule robotis\u00e9e. Partenaire des produits Kuka.\",\"breadcrumb\":{\"@id\":\"https:\/\/waybo.com\/en\/apply\/#breadcrumb\"},\"inLanguage\":\"en-US\",\"potentialAction\":[{\"@type\":\"ReadAction\",\"target\":[\"https:\/\/waybo.com\/en\/apply\/\"]}]},{\"@type\":\"BreadcrumbList\",\"@id\":\"https:\/\/waybo.com\/en\/apply\/#breadcrumb\",\"itemListElement\":[{\"@type\":\"ListItem\",\"position\":1,\"name\":\"Accueil\",\"item\":\"https:\/\/waybo.com\/en\/\"},{\"@type\":\"ListItem\",\"position\":2,\"name\":\"Apply\"}]},{\"@type\":\"WebSite\",\"@id\":\"https:\/\/waybo.com\/en\/#website\",\"url\":\"https:\/\/waybo.com\/en\/\",\"name\":\"Waybo\",\"description\":\"We Automate Your business' Operations\",\"potentialAction\":[{\"@type\":\"SearchAction\",\"target\":{\"@type\":\"EntryPoint\",\"urlTemplate\":\"https:\/\/waybo.com\/en\/?s={search_term_string}\"},\"query-input\":{\"@type\":\"PropertyValueSpecification\",\"valueRequired\":true,\"valueName\":\"search_term_string\"}}],\"inLanguage\":\"en-US\"}]}<\/script>\n<!-- \/ Yoast SEO plugin. -->","yoast_head_json":{"title":"Apply - Waybo","description":"Optimiser la performance des entreprises tout en r\u00e9duisant les co\u00fbts de production. \u00c9quipements qui augmentent le rendement des entreprises, cellule robotis\u00e9e. Partenaire des produits Kuka.","robots":{"index":"index","follow":"follow","max-snippet":"max-snippet:-1","max-image-preview":"max-image-preview:large","max-video-preview":"max-video-preview:-1"},"canonical":"https:\/\/waybo.com\/en\/apply\/","og_locale":"en_US","og_type":"article","og_title":"Apply - Waybo","og_description":"Optimiser la performance des entreprises tout en r\u00e9duisant les co\u00fbts de production. \u00c9quipements qui augmentent le rendement des entreprises, cellule robotis\u00e9e. Partenaire des produits Kuka.","og_url":"https:\/\/waybo.com\/en\/apply\/","og_site_name":"Waybo","article_publisher":"https:\/\/www.facebook.com\/Waybo-483601682375217\/","article_modified_time":"2020-03-25T17:29:49+00:00","og_image":[{"width":2000,"height":975,"url":"https:\/\/waybo.com\/wp-content\/uploads\/slider-produits.jpg","type":"image\/jpeg"}],"twitter_card":"summary_large_image","twitter_misc":{"Est. reading time":"1 minute"},"schema":{"@context":"https:\/\/schema.org","@graph":[{"@type":"WebPage","@id":"https:\/\/waybo.com\/en\/apply\/","url":"https:\/\/waybo.com\/en\/apply\/","name":"Apply - Waybo","isPartOf":{"@id":"https:\/\/waybo.com\/en\/#website"},"datePublished":"2020-03-06T20:36:16+00:00","dateModified":"2020-03-25T17:29:49+00:00","description":"Optimiser la performance des entreprises tout en r\u00e9duisant les co\u00fbts de production. \u00c9quipements qui augmentent le rendement des entreprises, cellule robotis\u00e9e. Partenaire des produits Kuka.","breadcrumb":{"@id":"https:\/\/waybo.com\/en\/apply\/#breadcrumb"},"inLanguage":"en-US","potentialAction":[{"@type":"ReadAction","target":["https:\/\/waybo.com\/en\/apply\/"]}]},{"@type":"BreadcrumbList","@id":"https:\/\/waybo.com\/en\/apply\/#breadcrumb","itemListElement":[{"@type":"ListItem","position":1,"name":"Accueil","item":"https:\/\/waybo.com\/en\/"},{"@type":"ListItem","position":2,"name":"Apply"}]},{"@type":"WebSite","@id":"https:\/\/waybo.com\/en\/#website","url":"https:\/\/waybo.com\/en\/","name":"Waybo","description":"We Automate Your business' Operations","potentialAction":[{"@type":"SearchAction","target":{"@type":"EntryPoint","urlTemplate":"https:\/\/waybo.com\/en\/?s={search_term_string}"},"query-input":{"@type":"PropertyValueSpecification","valueRequired":true,"valueName":"search_term_string"}}],"inLanguage":"en-US"}]}},"_links":{"self":[{"href":"https:\/\/waybo.com\/en\/wp-json\/wp\/v2\/pages\/2054"}],"collection":[{"href":"https:\/\/waybo.com\/en\/wp-json\/wp\/v2\/pages"}],"about":[{"href":"https:\/\/waybo.com\/en\/wp-json\/wp\/v2\/types\/page"}],"author":[{"embeddable":true,"href":"https:\/\/waybo.com\/en\/wp-json\/wp\/v2\/users\/1"}],"replies":[{"embeddable":true,"href":"https:\/\/waybo.com\/en\/wp-json\/wp\/v2\/comments?post=2054"}],"version-history":[{"count":0,"href":"https:\/\/waybo.com\/en\/wp-json\/wp\/v2\/pages\/2054\/revisions"}],"wp:attachment":[{"href":"https:\/\/waybo.com\/en\/wp-json\/wp\/v2\/media?parent=2054"}],"curies":[{"name":"wp","href":"https:\/\/api.w.org\/{rel}","templated":true}]}}