{"id":1549,"date":"2015-07-18T09:28:32","date_gmt":"2015-07-18T13:28:32","guid":{"rendered":"https:\/\/waybo.com\/index.php?page_id=1549"},"modified":"2020-03-06T13:36:08","modified_gmt":"2020-03-06T18:36:08","slug":"services","status":"publish","type":"page","link":"https:\/\/waybo.com\/en\/services\/","title":{"rendered":"Services"},"content":{"rendered":"<section class=\"wpb-content-wrapper\"><p>[vc_row layout=&#8221;boxed&#8221; parallax_style=&#8221;none&#8221; parallax_scroll_effect=&#8221;fixed&#8221;][vc_column el_class=&#8221;margin-bottom-50&#8243;]\t\t\t<div\n\t\t\t\tclass=\"darna-heading style1 margin-bottom-40\" >\n\t\t\t\t\t\t\t\t\t<h2>Services<\/h2>\n\t\t\t\t\t\t\t\t\t\t\t<\/div>\n\t\t\t[vc_column_text el_class=&#8221;darna-list-style&#8221;]<\/p>\n<ul>\n<li>Several options available to customize our standard products<\/li>\n<li>Turnkey cell design by reusing our own components (Costs less than creating from nothing)<\/li>\n<li>Can be installed on all machine tool brands<\/li>\n<li>Support that offers you the possibility to install our systems autonomously and quickly<\/li>\n<li>Help centers in Quebec and Ontario<\/li>\n<li>Available training on site or in our offices<\/li>\n<\/ul>\n<p>[\/vc_column_text][\/vc_column][\/vc_row]<\/p>\n<\/section>","protected":false},"excerpt":{"rendered":"<p>[vc_row layout=&#8221;boxed&#8221; parallax_style=&#8221;none&#8221; parallax_scroll_effect=&#8221;fixed&#8221;][vc_column el_class=&#8221;margin-bottom-50&#8243;][vc_column_text el_class=&#8221;darna-list-style&#8221;] Several options available to customize our standard products Turnkey cell design by reusing our own components (Costs less than creating from nothing) Can be installed on all machine tool brands Support that offers you the possibility to install our systems autonomously and quickly Help centers in Quebec and Ontario [&hellip;]<\/p>\n","protected":false},"author":1,"featured_media":0,"parent":0,"menu_order":0,"comment_status":"closed","ping_status":"closed","template":"","meta":{"_acf_changed":false,"footnotes":""},"class_list":["post-1549","page","type-page","status-publish","hentry"],"acf":[],"yoast_head":"<!-- This site is optimized with the Yoast SEO plugin v23.4 - https:\/\/yoast.com\/wordpress\/plugins\/seo\/ -->\n<title>Services - Waybo<\/title>\n<meta name=\"description\" content=\"Optimiser la performance des entreprises tout en r\u00e9duisant les co\u00fbts de production. \u00c9quipements qui augmentent le rendement des entreprises, cellule robotis\u00e9e. Partenaire des produits Kuka.\" \/>\n<meta name=\"robots\" content=\"index, follow, max-snippet:-1, max-image-preview:large, max-video-preview:-1\" \/>\n<link rel=\"canonical\" href=\"https:\/\/waybo.com\/en\/services\/\" \/>\n<meta property=\"og:locale\" content=\"en_US\" \/>\n<meta property=\"og:type\" content=\"article\" \/>\n<meta property=\"og:title\" content=\"Services - Waybo\" \/>\n<meta property=\"og:description\" content=\"Optimiser la performance des entreprises tout en r\u00e9duisant les co\u00fbts de production. \u00c9quipements qui augmentent le rendement des entreprises, cellule robotis\u00e9e. Partenaire des produits Kuka.\" \/>\n<meta property=\"og:url\" content=\"https:\/\/waybo.com\/en\/services\/\" \/>\n<meta property=\"og:site_name\" content=\"Waybo\" \/>\n<meta property=\"article:publisher\" content=\"https:\/\/www.facebook.com\/Waybo-483601682375217\/\" \/>\n<meta property=\"article:modified_time\" content=\"2020-03-06T18:36:08+00:00\" \/>\n<meta property=\"og:image\" content=\"https:\/\/waybo.com\/wp-content\/uploads\/slider-produits.jpg\" \/>\n\t<meta property=\"og:image:width\" content=\"2000\" \/>\n\t<meta property=\"og:image:height\" content=\"975\" \/>\n\t<meta property=\"og:image:type\" content=\"image\/jpeg\" \/>\n<meta name=\"twitter:card\" content=\"summary_large_image\" \/>\n<script type=\"application\/ld+json\" class=\"yoast-schema-graph\">{\"@context\":\"https:\/\/schema.org\",\"@graph\":[{\"@type\":\"WebPage\",\"@id\":\"https:\/\/waybo.com\/en\/services\/\",\"url\":\"https:\/\/waybo.com\/en\/services\/\",\"name\":\"Services - Waybo\",\"isPartOf\":{\"@id\":\"https:\/\/waybo.com\/en\/#website\"},\"datePublished\":\"2015-07-18T13:28:32+00:00\",\"dateModified\":\"2020-03-06T18:36:08+00:00\",\"description\":\"Optimiser la performance des entreprises tout en r\u00e9duisant les co\u00fbts de production. \u00c9quipements qui augmentent le rendement des entreprises, cellule robotis\u00e9e. Partenaire des produits Kuka.\",\"breadcrumb\":{\"@id\":\"https:\/\/waybo.com\/en\/services\/#breadcrumb\"},\"inLanguage\":\"en-US\",\"potentialAction\":[{\"@type\":\"ReadAction\",\"target\":[\"https:\/\/waybo.com\/en\/services\/\"]}]},{\"@type\":\"BreadcrumbList\",\"@id\":\"https:\/\/waybo.com\/en\/services\/#breadcrumb\",\"itemListElement\":[{\"@type\":\"ListItem\",\"position\":1,\"name\":\"Accueil\",\"item\":\"https:\/\/waybo.com\/en\/\"},{\"@type\":\"ListItem\",\"position\":2,\"name\":\"Services\"}]},{\"@type\":\"WebSite\",\"@id\":\"https:\/\/waybo.com\/en\/#website\",\"url\":\"https:\/\/waybo.com\/en\/\",\"name\":\"Waybo\",\"description\":\"We Automate Your business' Operations\",\"potentialAction\":[{\"@type\":\"SearchAction\",\"target\":{\"@type\":\"EntryPoint\",\"urlTemplate\":\"https:\/\/waybo.com\/en\/?s={search_term_string}\"},\"query-input\":{\"@type\":\"PropertyValueSpecification\",\"valueRequired\":true,\"valueName\":\"search_term_string\"}}],\"inLanguage\":\"en-US\"}]}<\/script>\n<!-- \/ Yoast SEO plugin. -->","yoast_head_json":{"title":"Services - Waybo","description":"Optimiser la performance des entreprises tout en r\u00e9duisant les co\u00fbts de production. \u00c9quipements qui augmentent le rendement des entreprises, cellule robotis\u00e9e. Partenaire des produits Kuka.","robots":{"index":"index","follow":"follow","max-snippet":"max-snippet:-1","max-image-preview":"max-image-preview:large","max-video-preview":"max-video-preview:-1"},"canonical":"https:\/\/waybo.com\/en\/services\/","og_locale":"en_US","og_type":"article","og_title":"Services - Waybo","og_description":"Optimiser la performance des entreprises tout en r\u00e9duisant les co\u00fbts de production. \u00c9quipements qui augmentent le rendement des entreprises, cellule robotis\u00e9e. Partenaire des produits Kuka.","og_url":"https:\/\/waybo.com\/en\/services\/","og_site_name":"Waybo","article_publisher":"https:\/\/www.facebook.com\/Waybo-483601682375217\/","article_modified_time":"2020-03-06T18:36:08+00:00","og_image":[{"width":2000,"height":975,"url":"https:\/\/waybo.com\/wp-content\/uploads\/slider-produits.jpg","type":"image\/jpeg"}],"twitter_card":"summary_large_image","schema":{"@context":"https:\/\/schema.org","@graph":[{"@type":"WebPage","@id":"https:\/\/waybo.com\/en\/services\/","url":"https:\/\/waybo.com\/en\/services\/","name":"Services - Waybo","isPartOf":{"@id":"https:\/\/waybo.com\/en\/#website"},"datePublished":"2015-07-18T13:28:32+00:00","dateModified":"2020-03-06T18:36:08+00:00","description":"Optimiser la performance des entreprises tout en r\u00e9duisant les co\u00fbts de production. \u00c9quipements qui augmentent le rendement des entreprises, cellule robotis\u00e9e. Partenaire des produits Kuka.","breadcrumb":{"@id":"https:\/\/waybo.com\/en\/services\/#breadcrumb"},"inLanguage":"en-US","potentialAction":[{"@type":"ReadAction","target":["https:\/\/waybo.com\/en\/services\/"]}]},{"@type":"BreadcrumbList","@id":"https:\/\/waybo.com\/en\/services\/#breadcrumb","itemListElement":[{"@type":"ListItem","position":1,"name":"Accueil","item":"https:\/\/waybo.com\/en\/"},{"@type":"ListItem","position":2,"name":"Services"}]},{"@type":"WebSite","@id":"https:\/\/waybo.com\/en\/#website","url":"https:\/\/waybo.com\/en\/","name":"Waybo","description":"We Automate Your business' Operations","potentialAction":[{"@type":"SearchAction","target":{"@type":"EntryPoint","urlTemplate":"https:\/\/waybo.com\/en\/?s={search_term_string}"},"query-input":{"@type":"PropertyValueSpecification","valueRequired":true,"valueName":"search_term_string"}}],"inLanguage":"en-US"}]}},"_links":{"self":[{"href":"https:\/\/waybo.com\/en\/wp-json\/wp\/v2\/pages\/1549"}],"collection":[{"href":"https:\/\/waybo.com\/en\/wp-json\/wp\/v2\/pages"}],"about":[{"href":"https:\/\/waybo.com\/en\/wp-json\/wp\/v2\/types\/page"}],"author":[{"embeddable":true,"href":"https:\/\/waybo.com\/en\/wp-json\/wp\/v2\/users\/1"}],"replies":[{"embeddable":true,"href":"https:\/\/waybo.com\/en\/wp-json\/wp\/v2\/comments?post=1549"}],"version-history":[{"count":0,"href":"https:\/\/waybo.com\/en\/wp-json\/wp\/v2\/pages\/1549\/revisions"}],"wp:attachment":[{"href":"https:\/\/waybo.com\/en\/wp-json\/wp\/v2\/media?parent=1549"}],"curies":[{"name":"wp","href":"https:\/\/api.w.org\/{rel}","templated":true}]}}