{"id":1546,"date":"2019-09-19T10:56:39","date_gmt":"2019-09-19T14:56:39","guid":{"rendered":"https:\/\/waybo.com\/index.php?page_id=1546"},"modified":"2024-06-14T16:12:46","modified_gmt":"2024-06-14T20:12:46","slug":"pallet-tower","status":"publish","type":"page","link":"https:\/\/waybo.com\/en\/products\/pallet-tower\/","title":{"rendered":"Pallet Tower"},"content":{"rendered":"<section class=\"wpb-content-wrapper\"><p>[vc_row layout=&#8221;boxed&#8221; video_link=&#8221;&#8221; parallax_scroll_effect=&#8221;fixed&#8221; css=&#8221;.vc_custom_1568211734034{margin-bottom: 40px !important;}&#8221;][vc_column el_class=&#8221;center-text&#8221;]\t\t\t<div\n\t\t\t\tclass=\"darna-heading style1 \" >\n\t\t\t\t\t\t\t\t\t<h2>Pallet tower<\/h2>\n\t\t\t\t\t\t\t\t\t\t\t<\/div>\n\t\t\t[vc_empty_space][vc_column_text]<\/p>\n<h3 style=\"text-align: center;\">Waybo\u2019s Pallet Tower are compact units perfect for all your 4.0 industry needs. It can hold a large quantity of pallets and can be controlled manually or with production prioritization software.<\/h3>\n<p>[\/vc_column_text][\/vc_column][\/vc_row][vc_row layout=&#8221;boxed&#8221; video_link=&#8221;&#8221; parallax_scroll_effect=&#8221;fixed&#8221;][vc_column width=&#8221;1\/3&#8243; el_class=&#8221;center-text&#8221;][vc_gallery type=&#8221;flexslider_slide&#8221; interval=&#8221;10&#8243; images=&#8221;1539,1543&#8243; img_size=&#8221;full&#8221;][\/vc_column][vc_column width=&#8221;2\/3&#8243;][vc_column_text el_class=&#8221;darna-list-style&#8221;]<\/p>\n<h2>Characteristics and Advantages<\/h2>\n<div class=\"wpb_text_column wpb_content_element darna-list-style\">\n<div class=\"wpb_wrapper\">\n<ul>\n<li>Easy to integrate into all your automated systems<\/li>\n<li>Standard configurations:\n<ul>\n<li>8 to 12 pallets per storey<\/li>\n<li>5 to 7 storeys<\/li>\n<li>Each storey can support up to 150 kg<\/li>\n<\/ul>\n<\/li>\n<li>Custom configurations available<\/li>\n<li>Safety guards included<\/li>\n<li>Pallet dimensions are standard but can be customized to better fit your needs<\/li>\n<li>Optional production prioritization software available: <a href=\"https:\/\/waybo.com\/en\/products\/waybo-manager-software\/\">Waybo Manager Software<\/a><\/li>\n<\/ul>\n<\/div>\n<\/div>\n<p>[\/vc_column_text][\/vc_column][\/vc_row][vc_row layout=&#8221;container-fluid&#8221; video_link=&#8221;&#8221; parallax_scroll_effect=&#8221;fixed&#8221; css=&#8221;.vc_custom_1568835411798{margin-top: 50px !important;padding-top: 30px !important;padding-bottom: 30px !important;background-color: #f8f8f8 !important;}&#8221;][vc_column][vc_row_inner layout=&#8221;boxed&#8221; el_class=&#8221;center-text&#8221;][vc_column_inner width=&#8221;1\/3&#8243;]\t\t\t\t\t\t<a class=\"darna-button size-lg style4 icon-left  \"\n\t\t\t   href=\"https:\/\/waybo.com\/en\/products\/\"\n\t\t\t   title=\"Other products\"\n\t\t\t   target=\"_self\"\n\t\t\t\t>\n\t\t\t\t<i class=\"fa fa-angle-double-left\"><\/i> Other products\t\t\t<\/a>\n\t\t\t\t\t[\/vc_column_inner][vc_column_inner width=&#8221;1\/3&#8243;]\t\t\t\t\t\t<a class=\"darna-button size-lg style4 icon-left  \"\n\t\t\t   href=\"https:\/\/waybo.com\/en\/contact\/?soumission=Pallet+Tower\"\n\t\t\t   title=\"Request a quote\"\n\t\t\t   target=\"_self\"\n\t\t\t\t>\n\t\t\t\t<i class=\"fa fa-envelope-o\"><\/i> Request a quote\t\t\t<\/a>\n\t\t\t\t\t[\/vc_column_inner][vc_column_inner width=&#8221;1\/3&#8243;]\t\t\t\t\t\t<a class=\"darna-button size-lg style4 icon-left  \"\n\t\t\t   href=\"https:\/\/waybo.com\/wp-content\/uploads\/fiche-carrousel.pdf\"\n\t\t\t   title=\"Technical sheet\"\n\t\t\t   target=\"_blank\"\n\t\t\t\t>\n\t\t\t\t<i class=\"fa fa-file-pdf-o\"><\/i> Technical sheet\t\t\t<\/a>\n\t\t\t\t\t[\/vc_column_inner][\/vc_row_inner][\/vc_column][\/vc_row]<\/p>\n<\/section>","protected":false},"excerpt":{"rendered":"<p>[vc_row layout=&#8221;boxed&#8221; video_link=&#8221;&#8221; parallax_scroll_effect=&#8221;fixed&#8221; css=&#8221;.vc_custom_1568211734034{margin-bottom: 40px !important;}&#8221;][vc_column el_class=&#8221;center-text&#8221;][vc_empty_space][vc_column_text] Waybo\u2019s Pallet Tower are compact units perfect for all your 4.0 industry needs. It can hold a large quantity of pallets and can be controlled manually or with production prioritization software. [\/vc_column_text][\/vc_column][\/vc_row][vc_row layout=&#8221;boxed&#8221; video_link=&#8221;&#8221; parallax_scroll_effect=&#8221;fixed&#8221;][vc_column width=&#8221;1\/3&#8243; el_class=&#8221;center-text&#8221;][vc_gallery type=&#8221;flexslider_slide&#8221; interval=&#8221;10&#8243; images=&#8221;1539,1543&#8243; img_size=&#8221;full&#8221;][\/vc_column][vc_column width=&#8221;2\/3&#8243;][vc_column_text el_class=&#8221;darna-list-style&#8221;] Characteristics and Advantages Easy [&hellip;]<\/p>\n","protected":false},"author":1,"featured_media":0,"parent":1446,"menu_order":0,"comment_status":"closed","ping_status":"closed","template":"","meta":{"_acf_changed":false,"footnotes":""},"class_list":["post-1546","page","type-page","status-publish","hentry"],"acf":[],"yoast_head":"<!-- This site is optimized with the Yoast SEO plugin v23.4 - https:\/\/yoast.com\/wordpress\/plugins\/seo\/ -->\n<title>Pallet Tower - Waybo<\/title>\n<meta name=\"description\" content=\"Optimiser la performance des entreprises tout en r\u00e9duisant les co\u00fbts de production. \u00c9quipements qui augmentent le rendement des entreprises, cellule robotis\u00e9e. Partenaire des produits Kuka.\" \/>\n<meta name=\"robots\" content=\"index, follow, max-snippet:-1, max-image-preview:large, max-video-preview:-1\" \/>\n<link rel=\"canonical\" href=\"https:\/\/waybo.com\/en\/products\/pallet-tower\/\" \/>\n<meta property=\"og:locale\" content=\"en_US\" \/>\n<meta property=\"og:type\" content=\"article\" \/>\n<meta property=\"og:title\" content=\"Pallet Tower - Waybo\" \/>\n<meta property=\"og:description\" content=\"Optimiser la performance des entreprises tout en r\u00e9duisant les co\u00fbts de production. \u00c9quipements qui augmentent le rendement des entreprises, cellule robotis\u00e9e. Partenaire des produits Kuka.\" \/>\n<meta property=\"og:url\" content=\"https:\/\/waybo.com\/en\/products\/pallet-tower\/\" \/>\n<meta property=\"og:site_name\" content=\"Waybo\" \/>\n<meta property=\"article:publisher\" content=\"https:\/\/www.facebook.com\/Waybo-483601682375217\/\" \/>\n<meta property=\"article:modified_time\" content=\"2024-06-14T20:12:46+00:00\" \/>\n<meta property=\"og:image\" content=\"https:\/\/waybo.com\/wp-content\/uploads\/slider-produits.jpg\" \/>\n\t<meta property=\"og:image:width\" content=\"2000\" \/>\n\t<meta property=\"og:image:height\" content=\"975\" \/>\n\t<meta property=\"og:image:type\" content=\"image\/jpeg\" \/>\n<meta name=\"twitter:card\" content=\"summary_large_image\" \/>\n<meta name=\"twitter:label1\" content=\"Est. reading time\" \/>\n\t<meta name=\"twitter:data1\" content=\"2 minutes\" \/>\n<script type=\"application\/ld+json\" class=\"yoast-schema-graph\">{\"@context\":\"https:\/\/schema.org\",\"@graph\":[{\"@type\":\"WebPage\",\"@id\":\"https:\/\/waybo.com\/en\/products\/pallet-tower\/\",\"url\":\"https:\/\/waybo.com\/en\/products\/pallet-tower\/\",\"name\":\"Pallet Tower - Waybo\",\"isPartOf\":{\"@id\":\"https:\/\/waybo.com\/en\/#website\"},\"datePublished\":\"2019-09-19T14:56:39+00:00\",\"dateModified\":\"2024-06-14T20:12:46+00:00\",\"description\":\"Optimiser la performance des entreprises tout en r\u00e9duisant les co\u00fbts de production. \u00c9quipements qui augmentent le rendement des entreprises, cellule robotis\u00e9e. Partenaire des produits Kuka.\",\"breadcrumb\":{\"@id\":\"https:\/\/waybo.com\/en\/products\/pallet-tower\/#breadcrumb\"},\"inLanguage\":\"en-US\",\"potentialAction\":[{\"@type\":\"ReadAction\",\"target\":[\"https:\/\/waybo.com\/en\/products\/pallet-tower\/\"]}]},{\"@type\":\"BreadcrumbList\",\"@id\":\"https:\/\/waybo.com\/en\/products\/pallet-tower\/#breadcrumb\",\"itemListElement\":[{\"@type\":\"ListItem\",\"position\":1,\"name\":\"Accueil\",\"item\":\"https:\/\/waybo.com\/en\/\"},{\"@type\":\"ListItem\",\"position\":2,\"name\":\"Products\",\"item\":\"https:\/\/waybo.com\/en\/products\/\"},{\"@type\":\"ListItem\",\"position\":3,\"name\":\"Pallet Tower\"}]},{\"@type\":\"WebSite\",\"@id\":\"https:\/\/waybo.com\/en\/#website\",\"url\":\"https:\/\/waybo.com\/en\/\",\"name\":\"Waybo\",\"description\":\"We Automate Your business' Operations\",\"potentialAction\":[{\"@type\":\"SearchAction\",\"target\":{\"@type\":\"EntryPoint\",\"urlTemplate\":\"https:\/\/waybo.com\/en\/?s={search_term_string}\"},\"query-input\":{\"@type\":\"PropertyValueSpecification\",\"valueRequired\":true,\"valueName\":\"search_term_string\"}}],\"inLanguage\":\"en-US\"}]}<\/script>\n<!-- \/ Yoast SEO plugin. -->","yoast_head_json":{"title":"Pallet Tower - Waybo","description":"Optimiser la performance des entreprises tout en r\u00e9duisant les co\u00fbts de production. \u00c9quipements qui augmentent le rendement des entreprises, cellule robotis\u00e9e. Partenaire des produits Kuka.","robots":{"index":"index","follow":"follow","max-snippet":"max-snippet:-1","max-image-preview":"max-image-preview:large","max-video-preview":"max-video-preview:-1"},"canonical":"https:\/\/waybo.com\/en\/products\/pallet-tower\/","og_locale":"en_US","og_type":"article","og_title":"Pallet Tower - Waybo","og_description":"Optimiser la performance des entreprises tout en r\u00e9duisant les co\u00fbts de production. \u00c9quipements qui augmentent le rendement des entreprises, cellule robotis\u00e9e. Partenaire des produits Kuka.","og_url":"https:\/\/waybo.com\/en\/products\/pallet-tower\/","og_site_name":"Waybo","article_publisher":"https:\/\/www.facebook.com\/Waybo-483601682375217\/","article_modified_time":"2024-06-14T20:12:46+00:00","og_image":[{"width":2000,"height":975,"url":"https:\/\/waybo.com\/wp-content\/uploads\/slider-produits.jpg","type":"image\/jpeg"}],"twitter_card":"summary_large_image","twitter_misc":{"Est. reading time":"2 minutes"},"schema":{"@context":"https:\/\/schema.org","@graph":[{"@type":"WebPage","@id":"https:\/\/waybo.com\/en\/products\/pallet-tower\/","url":"https:\/\/waybo.com\/en\/products\/pallet-tower\/","name":"Pallet Tower - Waybo","isPartOf":{"@id":"https:\/\/waybo.com\/en\/#website"},"datePublished":"2019-09-19T14:56:39+00:00","dateModified":"2024-06-14T20:12:46+00:00","description":"Optimiser la performance des entreprises tout en r\u00e9duisant les co\u00fbts de production. \u00c9quipements qui augmentent le rendement des entreprises, cellule robotis\u00e9e. Partenaire des produits Kuka.","breadcrumb":{"@id":"https:\/\/waybo.com\/en\/products\/pallet-tower\/#breadcrumb"},"inLanguage":"en-US","potentialAction":[{"@type":"ReadAction","target":["https:\/\/waybo.com\/en\/products\/pallet-tower\/"]}]},{"@type":"BreadcrumbList","@id":"https:\/\/waybo.com\/en\/products\/pallet-tower\/#breadcrumb","itemListElement":[{"@type":"ListItem","position":1,"name":"Accueil","item":"https:\/\/waybo.com\/en\/"},{"@type":"ListItem","position":2,"name":"Products","item":"https:\/\/waybo.com\/en\/products\/"},{"@type":"ListItem","position":3,"name":"Pallet Tower"}]},{"@type":"WebSite","@id":"https:\/\/waybo.com\/en\/#website","url":"https:\/\/waybo.com\/en\/","name":"Waybo","description":"We Automate Your business' Operations","potentialAction":[{"@type":"SearchAction","target":{"@type":"EntryPoint","urlTemplate":"https:\/\/waybo.com\/en\/?s={search_term_string}"},"query-input":{"@type":"PropertyValueSpecification","valueRequired":true,"valueName":"search_term_string"}}],"inLanguage":"en-US"}]}},"_links":{"self":[{"href":"https:\/\/waybo.com\/en\/wp-json\/wp\/v2\/pages\/1546"}],"collection":[{"href":"https:\/\/waybo.com\/en\/wp-json\/wp\/v2\/pages"}],"about":[{"href":"https:\/\/waybo.com\/en\/wp-json\/wp\/v2\/types\/page"}],"author":[{"embeddable":true,"href":"https:\/\/waybo.com\/en\/wp-json\/wp\/v2\/users\/1"}],"replies":[{"embeddable":true,"href":"https:\/\/waybo.com\/en\/wp-json\/wp\/v2\/comments?post=1546"}],"version-history":[{"count":1,"href":"https:\/\/waybo.com\/en\/wp-json\/wp\/v2\/pages\/1546\/revisions"}],"predecessor-version":[{"id":3671,"href":"https:\/\/waybo.com\/en\/wp-json\/wp\/v2\/pages\/1546\/revisions\/3671"}],"up":[{"embeddable":true,"href":"https:\/\/waybo.com\/en\/wp-json\/wp\/v2\/pages\/1446"}],"wp:attachment":[{"href":"https:\/\/waybo.com\/en\/wp-json\/wp\/v2\/media?parent=1546"}],"curies":[{"name":"wp","href":"https:\/\/api.w.org\/{rel}","templated":true}]}}