{"id":1446,"date":"2015-07-18T09:29:33","date_gmt":"2015-07-18T13:29:33","guid":{"rendered":"https:\/\/waybo.com\/index.php?page_id=1446"},"modified":"2024-06-14T15:44:43","modified_gmt":"2024-06-14T19:44:43","slug":"products","status":"publish","type":"page","link":"https:\/\/waybo.com\/en\/products\/","title":{"rendered":"Products"},"content":{"rendered":"<section class=\"wpb-content-wrapper\"><p>[vc_row][vc_column][vc_empty_space height=&#8221;50px&#8221;][\/vc_column][\/vc_row][vc_row layout=&#8221;boxed&#8221; video_link=&#8221;&#8221; parallax_scroll_effect=&#8221;fixed&#8221; css=&#8221;.vc_custom_1568211734034{margin-bottom: 40px !important;}&#8221;][vc_column el_class=&#8221;center-text&#8221;]\t\t\t<div\n\t\t\t\tclass=\"darna-heading style1 \" >\n\t\t\t\t\t\t\t\t\t<h2>SPECIALLY DESIGNED FOR MACHINE SHOPS<\/h2>\n\t\t\t\t\t\t\t\t\t\t\t<\/div>\n\t\t\t[vc_empty_space][vc_column_text]<\/p>\n<h3 style=\"text-align: center;\">All products are fully modular and compatible with each other. The cells integrate with both the latest and oldest machine tools. Interfacing is possible with other equipment such as marking machines, digital inspection machines, saws, grinding wheels, etc.<\/h3>\n<p>[\/vc_column_text][\/vc_column][\/vc_row][vc_row][vc_column][vc_text_separator title=&#8221;Drawers feeding systems&#8221; el_width=&#8221;80&#8243;][\/vc_column][\/vc_row][vc_row layout=&#8221;boxed&#8221; video_link=&#8221;&#8221; parallax_scroll_effect=&#8221;fixed&#8221; css=&#8221;.vc_custom_1603118825492{margin-top: 30px !important;}&#8221;][vc_column width=&#8221;1\/5&#8243; el_class=&#8221;center-text&#8221;]\t\t\t<div\n\t\t\t\tclass=\"darna-feature style1  \" >\n\t\t\t\t<div class=\"darna-feature-thumb\">\n\t\t\t\t\t\t\t\t\t\t<a target=\"_self\"\n\t\t\t\t\t\t   href=\"https:\/\/waybo.com\/en\/products\/nanodrawers\/\"><img decoding=\"async\" alt=\"NanoDrawers\" src=\"https:\/\/waybo.com\/wp-content\/uploads\/NanoDrawers-1-370x280.png\"><\/a>\n\t\t\t\t\t\n\t\t\t\t\t\t\t\t\t\t\t\t\t\t<\/div>\n\t\t\t\t<div class=\"darna-feature-content\">\n\t\t\t\t\t<h4>\n\t\t\t\t\t\t\t\t\t\t\t\t<a target=\"_self\"\n\t\t\t\t\t\t   href=\"https:\/\/waybo.com\/en\/products\/nanodrawers\/\">NanoDrawers<\/a>\n\t\t\t\t\t<\/h4>\n\n\t\t\t\t\t<p>10 KG<\/p>\n\t\t\t\t\t\t\t\t\t\t\t<a class=\"darna-button style4 size-xs\" target=\"_self\"\n\t\t\t\t\t\t   href=\"https:\/\/waybo.com\/en\/products\/nanodrawers\/\">Learn more<\/a>\n\t\t\t\t\t\t\t\t\t<\/div>\n\t\t\t<\/div>\n\t\t\t[\/vc_column][vc_column width=&#8221;1\/5&#8243; el_class=&#8221;center-text&#8221;]\t\t\t<div\n\t\t\t\tclass=\"darna-feature style1  \" >\n\t\t\t\t<div class=\"darna-feature-thumb\">\n\t\t\t\t\t\t\t\t\t\t<a target=\"_self\"\n\t\t\t\t\t\t   href=\"https:\/\/waybo.com\/en\/products\/cyberdrawers\/\"><img decoding=\"async\" alt=\"CyberDrawers\" src=\"https:\/\/waybo.com\/wp-content\/uploads\/CyberDrawers-370x280.png\"><\/a>\n\t\t\t\t\t\n\t\t\t\t\t\t\t\t\t\t\t\t\t\t<\/div>\n\t\t\t\t<div class=\"darna-feature-content\">\n\t\t\t\t\t<h4>\n\t\t\t\t\t\t\t\t\t\t\t\t<a target=\"_self\"\n\t\t\t\t\t\t   href=\"https:\/\/waybo.com\/en\/products\/cyberdrawers\/\">CyberDrawers<\/a>\n\t\t\t\t\t<\/h4>\n\n\t\t\t\t\t<p>20 KG<\/p>\n\t\t\t\t\t\t\t\t\t\t\t<a class=\"darna-button style4 size-xs\" target=\"_self\"\n\t\t\t\t\t\t   href=\"https:\/\/waybo.com\/en\/products\/cyberdrawers\/\">Learn more<\/a>\n\t\t\t\t\t\t\t\t\t<\/div>\n\t\t\t<\/div>\n\t\t\t[\/vc_column][vc_column width=&#8221;1\/5&#8243; el_class=&#8221;center-text&#8221;]\t\t\t<div\n\t\t\t\tclass=\"darna-feature style1  \" >\n\t\t\t\t<div class=\"darna-feature-thumb\">\n\t\t\t\t\t\t\t\t\t\t<a target=\"_self\"\n\t\t\t\t\t\t   href=\"https:\/\/waybo.com\/en\/products\/drawers-sa20\/\"><img decoding=\"async\" alt=\"Drawers SA20\" src=\"https:\/\/waybo.com\/wp-content\/uploads\/Drawers-SA20-370x280.png\"><\/a>\n\t\t\t\t\t\n\t\t\t\t\t\t\t\t\t\t\t\t\t\t<\/div>\n\t\t\t\t<div class=\"darna-feature-content\">\n\t\t\t\t\t<h4>\n\t\t\t\t\t\t\t\t\t\t\t\t<a target=\"_self\"\n\t\t\t\t\t\t   href=\"https:\/\/waybo.com\/en\/products\/drawers-sa20\/\">Drawers SA20<\/a>\n\t\t\t\t\t<\/h4>\n\n\t\t\t\t\t<p>20 KG<\/p>\n\t\t\t\t\t\t\t\t\t\t\t<a class=\"darna-button style4 size-xs\" target=\"_self\"\n\t\t\t\t\t\t   href=\"https:\/\/waybo.com\/en\/products\/drawers-sa20\/\">Learn more<\/a>\n\t\t\t\t\t\t\t\t\t<\/div>\n\t\t\t<\/div>\n\t\t\t[\/vc_column][vc_column width=&#8221;1\/5&#8243; el_class=&#8221;center-text&#8221;]\t\t\t<div\n\t\t\t\tclass=\"darna-feature style1  \" >\n\t\t\t\t<div class=\"darna-feature-thumb\">\n\t\t\t\t\t\t\t\t\t\t<a target=\"_self\"\n\t\t\t\t\t\t   href=\"https:\/\/waybo.com\/en\/products\/drawers-sa70\/\"><img decoding=\"async\" alt=\"Drawers SA70\" src=\"https:\/\/waybo.com\/wp-content\/uploads\/Drawers-SA70-370x280.png\"><\/a>\n\t\t\t\t\t\n\t\t\t\t\t\t\t\t\t\t\t\t\t\t<\/div>\n\t\t\t\t<div class=\"darna-feature-content\">\n\t\t\t\t\t<h4>\n\t\t\t\t\t\t\t\t\t\t\t\t<a target=\"_self\"\n\t\t\t\t\t\t   href=\"https:\/\/waybo.com\/en\/products\/drawers-sa70\/\">Drawers SA70<\/a>\n\t\t\t\t\t<\/h4>\n\n\t\t\t\t\t<p>70 KG<\/p>\n\t\t\t\t\t\t\t\t\t\t\t<a class=\"darna-button style4 size-xs\" target=\"_self\"\n\t\t\t\t\t\t   href=\"https:\/\/waybo.com\/en\/products\/drawers-sa70\/\">Learn more<\/a>\n\t\t\t\t\t\t\t\t\t<\/div>\n\t\t\t<\/div>\n\t\t\t[\/vc_column][vc_column width=&#8221;1\/5&#8243; el_class=&#8221;center-text&#8221;]\t\t\t<div\n\t\t\t\tclass=\"darna-feature style1  \" >\n\t\t\t\t<div class=\"darna-feature-thumb\">\n\t\t\t\t\t\t\t\t\t\t<a target=\"_self\"\n\t\t\t\t\t\t   href=\"https:\/\/waybo.com\/en\/products\/drawers-sa120\/\"><img decoding=\"async\" alt=\"Drawers SA120\" src=\"https:\/\/waybo.com\/wp-content\/uploads\/Drawers-SA120-370x280.png\"><\/a>\n\t\t\t\t\t\n\t\t\t\t\t\t\t\t\t\t\t\t\t\t<\/div>\n\t\t\t\t<div class=\"darna-feature-content\">\n\t\t\t\t\t<h4>\n\t\t\t\t\t\t\t\t\t\t\t\t<a target=\"_self\"\n\t\t\t\t\t\t   href=\"https:\/\/waybo.com\/en\/products\/drawers-sa120\/\">Drawers SA120<\/a>\n\t\t\t\t\t<\/h4>\n\n\t\t\t\t\t<p>120 KG<\/p>\n\t\t\t\t\t\t\t\t\t\t\t<a class=\"darna-button style4 size-xs\" target=\"_self\"\n\t\t\t\t\t\t   href=\"https:\/\/waybo.com\/en\/products\/drawers-sa120\/\">Learn more<\/a>\n\t\t\t\t\t\t\t\t\t<\/div>\n\t\t\t<\/div>\n\t\t\t[\/vc_column][\/vc_row][vc_row][vc_column][vc_empty_space height=&#8221;50px&#8221;][vc_text_separator title=&#8221;Universal systems&#8221; el_width=&#8221;80&#8243;][\/vc_column][\/vc_row][vc_row layout=&#8221;boxed&#8221; video_link=&#8221;&#8221; parallax_scroll_effect=&#8221;fixed&#8221; css=&#8221;.vc_custom_1603118825492{margin-top: 30px !important;}&#8221;][vc_column width=&#8221;1\/5&#8243; css=&#8221;.vc_custom_1568210380477{margin-top: 0px !important;border-top-width: 0px !important;padding-top: 0px !important;}&#8221; el_class=&#8221;center-text&#8221;]\t\t\t<div\n\t\t\t\tclass=\"darna-feature style1  \" >\n\t\t\t\t<div class=\"darna-feature-thumb\">\n\t\t\t\t\t\t\t\t\t\t<a target=\"_self\"\n\t\t\t\t\t\t   href=\"https:\/\/waybo.com\/en\/products\/partnr\/\"><img decoding=\"async\" alt=\"PartNR\" src=\"https:\/\/waybo.com\/wp-content\/uploads\/PartNR-370x280.png\"><\/a>\n\t\t\t\t\t\n\t\t\t\t\t\t\t\t\t\t\t\t\t\t<\/div>\n\t\t\t\t<div class=\"darna-feature-content\">\n\t\t\t\t\t<h4>\n\t\t\t\t\t\t\t\t\t\t\t\t<a target=\"_self\"\n\t\t\t\t\t\t   href=\"https:\/\/waybo.com\/en\/products\/partnr\/\">PartNR<\/a>\n\t\t\t\t\t<\/h4>\n\n\t\t\t\t\t<p>10 KG<\/p>\n\t\t\t\t\t\t\t\t\t\t\t<a class=\"darna-button style4 size-xs\" target=\"_self\"\n\t\t\t\t\t\t   href=\"https:\/\/waybo.com\/en\/products\/partnr\/\">Learn more<\/a>\n\t\t\t\t\t\t\t\t\t<\/div>\n\t\t\t<\/div>\n\t\t\t[\/vc_column][vc_column width=&#8221;1\/5&#8243; css=&#8221;.vc_custom_1568210589095{margin-top: 0px !important;border-top-width: 0px !important;padding-top: 0px !important;}&#8221; el_class=&#8221;center-text&#8221;]\t\t\t<div\n\t\t\t\tclass=\"darna-feature style1  \" >\n\t\t\t\t<div class=\"darna-feature-thumb\">\n\t\t\t\t\t\t\t\t\t\t<a target=\"_self\"\n\t\t\t\t\t\t   href=\"https:\/\/waybo.com\/en\/products\/co-partnr\/\"><img decoding=\"async\" alt=\"Co-PartNR\" src=\"https:\/\/waybo.com\/wp-content\/uploads\/untitled.38-370x280.png\"><\/a>\n\t\t\t\t\t\n\t\t\t\t\t\t\t\t\t\t\t\t\t\t<\/div>\n\t\t\t\t<div class=\"darna-feature-content\">\n\t\t\t\t\t<h4>\n\t\t\t\t\t\t\t\t\t\t\t\t<a target=\"_self\"\n\t\t\t\t\t\t   href=\"https:\/\/waybo.com\/en\/products\/co-partnr\/\">Co-PartNR<\/a>\n\t\t\t\t\t<\/h4>\n\n\t\t\t\t\t<p><\/p>\n\t\t\t\t\t\t\t\t\t\t\t<a class=\"darna-button style4 size-xs\" target=\"_self\"\n\t\t\t\t\t\t   href=\"https:\/\/waybo.com\/en\/products\/co-partnr\/\">Learn more<\/a>\n\t\t\t\t\t\t\t\t\t<\/div>\n\t\t\t<\/div>\n\t\t\t[\/vc_column][vc_column width=&#8221;1\/5&#8243;][\/vc_column][vc_column width=&#8221;1\/5&#8243;][\/vc_column][vc_column width=&#8221;1\/5&#8243;][\/vc_column][\/vc_row][vc_row][vc_column][vc_empty_space height=&#8221;50px&#8221;][vc_text_separator title=&#8221;Pallets feeding systems&#8221; el_width=&#8221;80&#8243;][\/vc_column][\/vc_row][vc_row layout=&#8221;boxed&#8221; video_link=&#8221;&#8221; parallax_scroll_effect=&#8221;fixed&#8221; css=&#8221;.vc_custom_1603118825492{margin-top: 30px !important;}&#8221;][vc_column width=&#8221;1\/5&#8243; el_class=&#8221;center-text&#8221;]\t\t\t<div\n\t\t\t\tclass=\"darna-feature style1  \" >\n\t\t\t\t<div class=\"darna-feature-thumb\">\n\t\t\t\t\t\t\t\t\t\t<a target=\"_self\"\n\t\t\t\t\t\t   href=\"https:\/\/waybo.com\/en\/products\/carroucell\/\"><img decoding=\"async\" alt=\"CarrouCell\" src=\"https:\/\/waybo.com\/wp-content\/uploads\/W01900-01-370x280.jpg\"><\/a>\n\t\t\t\t\t\n\t\t\t\t\t\t\t\t\t\t\t\t\t\t<\/div>\n\t\t\t\t<div class=\"darna-feature-content\">\n\t\t\t\t\t<h4>\n\t\t\t\t\t\t\t\t\t\t\t\t<a target=\"_self\"\n\t\t\t\t\t\t   href=\"https:\/\/waybo.com\/en\/products\/carroucell\/\">CarrouCell<\/a>\n\t\t\t\t\t<\/h4>\n\n\t\t\t\t\t<p><\/p>\n\t\t\t\t\t\t\t\t\t\t\t<a class=\"darna-button style4 size-xs\" target=\"_self\"\n\t\t\t\t\t\t   href=\"https:\/\/waybo.com\/en\/products\/carroucell\/\">Learn more<\/a>\n\t\t\t\t\t\t\t\t\t<\/div>\n\t\t\t<\/div>\n\t\t\t[\/vc_column][vc_column width=&#8221;1\/5&#8243; el_class=&#8221;center-text&#8221;]\t\t\t<div\n\t\t\t\tclass=\"darna-feature style1  \" >\n\t\t\t\t<div class=\"darna-feature-thumb\">\n\t\t\t\t\t\t\t\t\t\t<a target=\"_self\"\n\t\t\t\t\t\t   href=\"https:\/\/waybo.com\/en\/products\/pallet-tower\/\"><img decoding=\"async\" alt=\"Pallet tower\" src=\"https:\/\/waybo.com\/wp-content\/uploads\/carrousel-370x280.jpg\"><\/a>\n\t\t\t\t\t\n\t\t\t\t\t\t\t\t\t\t\t\t\t\t<\/div>\n\t\t\t\t<div class=\"darna-feature-content\">\n\t\t\t\t\t<h4>\n\t\t\t\t\t\t\t\t\t\t\t\t<a target=\"_self\"\n\t\t\t\t\t\t   href=\"https:\/\/waybo.com\/en\/products\/pallet-tower\/\">Pallet tower<\/a>\n\t\t\t\t\t<\/h4>\n\n\t\t\t\t\t<p><\/p>\n\t\t\t\t\t\t\t\t\t\t\t<a class=\"darna-button style4 size-xs\" target=\"_self\"\n\t\t\t\t\t\t   href=\"https:\/\/waybo.com\/en\/products\/pallet-tower\/\">Learn more<\/a>\n\t\t\t\t\t\t\t\t\t<\/div>\n\t\t\t<\/div>\n\t\t\t[\/vc_column][vc_column width=&#8221;1\/5&#8243;][\/vc_column][vc_column width=&#8221;1\/5&#8243;][\/vc_column][vc_column width=&#8221;1\/5&#8243;][\/vc_column][\/vc_row][vc_row][vc_column][vc_empty_space height=&#8221;50px&#8221;][vc_text_separator title=&#8221;Accessories&#8221; el_width=&#8221;80&#8243;][\/vc_column][\/vc_row][vc_row layout=&#8221;boxed&#8221; video_link=&#8221;&#8221; parallax_scroll_effect=&#8221;fixed&#8221; css=&#8221;.vc_custom_1568213428695{margin-top: 30px !important;margin-bottom: 40px !important;}&#8221;][vc_column width=&#8221;1\/5&#8243; el_class=&#8221;center-text&#8221;]\t\t\t<div\n\t\t\t\tclass=\"darna-feature style1  \" >\n\t\t\t\t<div class=\"darna-feature-thumb\">\n\t\t\t\t\t\t\t\t\t\t<a target=\"_self\"\n\t\t\t\t\t\t   href=\"https:\/\/waybo.com\/en\/products\/accumulator\/\"><img decoding=\"async\" alt=\"Accumulator\" src=\"https:\/\/waybo.com\/wp-content\/uploads\/accumulateur-1-370x280.jpg\"><\/a>\n\t\t\t\t\t\n\t\t\t\t\t\t\t\t\t\t\t\t\t\t<\/div>\n\t\t\t\t<div class=\"darna-feature-content\">\n\t\t\t\t\t<h4>\n\t\t\t\t\t\t\t\t\t\t\t\t<a target=\"_self\"\n\t\t\t\t\t\t   href=\"https:\/\/waybo.com\/en\/products\/accumulator\/\">Accumulator<\/a>\n\t\t\t\t\t<\/h4>\n\n\t\t\t\t\t<p><\/p>\n\t\t\t\t\t\t\t\t\t\t\t<a class=\"darna-button style4 size-xs\" target=\"_self\"\n\t\t\t\t\t\t   href=\"https:\/\/waybo.com\/en\/products\/accumulator\/\">Learn more<\/a>\n\t\t\t\t\t\t\t\t\t<\/div>\n\t\t\t<\/div>\n\t\t\t[\/vc_column][vc_column width=&#8221;1\/5&#8243; el_class=&#8221;center-text&#8221;]\t\t\t<div\n\t\t\t\tclass=\"darna-feature style1  \" >\n\t\t\t\t<div class=\"darna-feature-thumb\">\n\t\t\t\t\t\t\t\t\t\t<a target=\"_self\"\n\t\t\t\t\t\t   href=\"https:\/\/waybo.com\/en\/products\/autodoor\/\"><img decoding=\"async\" alt=\"AutoDoor\" src=\"https:\/\/waybo.com\/wp-content\/uploads\/autodoor-370x280.jpg\"><\/a>\n\t\t\t\t\t\n\t\t\t\t\t\t\t\t\t\t\t\t\t\t<\/div>\n\t\t\t\t<div class=\"darna-feature-content\">\n\t\t\t\t\t<h4>\n\t\t\t\t\t\t\t\t\t\t\t\t<a target=\"_self\"\n\t\t\t\t\t\t   href=\"https:\/\/waybo.com\/en\/products\/autodoor\/\">AutoDoor<\/a>\n\t\t\t\t\t<\/h4>\n\n\t\t\t\t\t<p><\/p>\n\t\t\t\t\t\t\t\t\t\t\t<a class=\"darna-button style4 size-xs\" target=\"_self\"\n\t\t\t\t\t\t   href=\"https:\/\/waybo.com\/en\/products\/autodoor\/\">Learn more<\/a>\n\t\t\t\t\t\t\t\t\t<\/div>\n\t\t\t<\/div>\n\t\t\t[\/vc_column][vc_column width=&#8221;1\/5&#8243; el_class=&#8221;center-text&#8221;]\t\t\t<div\n\t\t\t\tclass=\"darna-feature style1  \" >\n\t\t\t\t<div class=\"darna-feature-thumb\">\n\t\t\t\t\t\t\t\t\t\t<a target=\"_self\"\n\t\t\t\t\t\t   href=\"https:\/\/waybo.com\/en\/products\/conveyor\/\"><img decoding=\"async\" alt=\"Conveyor\" src=\"https:\/\/waybo.com\/wp-content\/uploads\/convoyeur-370x280.jpg\"><\/a>\n\t\t\t\t\t\n\t\t\t\t\t\t\t\t\t\t\t\t\t\t<\/div>\n\t\t\t\t<div class=\"darna-feature-content\">\n\t\t\t\t\t<h4>\n\t\t\t\t\t\t\t\t\t\t\t\t<a target=\"_self\"\n\t\t\t\t\t\t   href=\"https:\/\/waybo.com\/en\/products\/conveyor\/\">Conveyor<\/a>\n\t\t\t\t\t<\/h4>\n\n\t\t\t\t\t<p><\/p>\n\t\t\t\t\t\t\t\t\t\t\t<a class=\"darna-button style4 size-xs\" target=\"_self\"\n\t\t\t\t\t\t   href=\"https:\/\/waybo.com\/en\/products\/conveyor\/\">Learn more<\/a>\n\t\t\t\t\t\t\t\t\t<\/div>\n\t\t\t<\/div>\n\t\t\t[\/vc_column][vc_column width=&#8221;1\/5&#8243;][\/vc_column][vc_column width=&#8221;1\/5&#8243;][\/vc_column][\/vc_row][vc_row][vc_column][vc_empty_space height=&#8221;50px&#8221;][vc_text_separator title=&#8221;Softwares&#8221; el_width=&#8221;80&#8243;][\/vc_column][\/vc_row][vc_row layout=&#8221;boxed&#8221;][vc_column width=&#8221;1\/5&#8243; el_class=&#8221;center-text&#8221;]\t\t\t<div\n\t\t\t\tclass=\"darna-feature style1  \" >\n\t\t\t\t<div class=\"darna-feature-thumb\">\n\t\t\t\t\t\t\t\t\t\t<a target=\"_self\"\n\t\t\t\t\t\t   href=\"https:\/\/waybo.com\/en\/products\/waybo-manager-software\/\"><img decoding=\"async\" alt=\"WMS\" src=\"https:\/\/waybo.com\/wp-content\/uploads\/software-370x280.jpg\"><\/a>\n\t\t\t\t\t\n\t\t\t\t\t\t\t\t\t\t\t\t\t\t<\/div>\n\t\t\t\t<div class=\"darna-feature-content\">\n\t\t\t\t\t<h4>\n\t\t\t\t\t\t\t\t\t\t\t\t<a target=\"_self\"\n\t\t\t\t\t\t   href=\"https:\/\/waybo.com\/en\/products\/waybo-manager-software\/\">WMS<\/a>\n\t\t\t\t\t<\/h4>\n\n\t\t\t\t\t<p><\/p>\n\t\t\t\t\t\t\t\t\t\t\t<a class=\"darna-button style4 size-xs\" target=\"_self\"\n\t\t\t\t\t\t   href=\"https:\/\/waybo.com\/en\/products\/waybo-manager-software\/\">Learn more<\/a>\n\t\t\t\t\t\t\t\t\t<\/div>\n\t\t\t<\/div>\n\t\t\t[\/vc_column][vc_column width=&#8221;1\/5&#8243;][\/vc_column][vc_column width=&#8221;1\/5&#8243;][\/vc_column][vc_column width=&#8221;1\/5&#8243;][\/vc_column][vc_column width=&#8221;1\/5&#8243;][\/vc_column][\/vc_row]<\/p>\n<\/section>","protected":false},"excerpt":{"rendered":"<p>[vc_row][vc_column][vc_empty_space height=&#8221;50px&#8221;][\/vc_column][\/vc_row][vc_row layout=&#8221;boxed&#8221; video_link=&#8221;&#8221; parallax_scroll_effect=&#8221;fixed&#8221; css=&#8221;.vc_custom_1568211734034{margin-bottom: 40px !important;}&#8221;][vc_column el_class=&#8221;center-text&#8221;][vc_empty_space][vc_column_text] All products are fully modular and compatible with each other. The cells integrate with both the latest and oldest machine tools. Interfacing is possible with other equipment such as marking machines, digital inspection machines, saws, grinding wheels, etc. [\/vc_column_text][\/vc_column][\/vc_row][vc_row][vc_column][vc_text_separator title=&#8221;Drawers feeding systems&#8221; el_width=&#8221;80&#8243;][\/vc_column][\/vc_row][vc_row layout=&#8221;boxed&#8221; video_link=&#8221;&#8221; parallax_scroll_effect=&#8221;fixed&#8221; [&hellip;]<\/p>\n","protected":false},"author":1,"featured_media":0,"parent":0,"menu_order":0,"comment_status":"closed","ping_status":"closed","template":"","meta":{"_acf_changed":false,"footnotes":""},"class_list":["post-1446","page","type-page","status-publish","hentry"],"acf":[],"yoast_head":"<!-- This site is optimized with the Yoast SEO plugin v23.4 - https:\/\/yoast.com\/wordpress\/plugins\/seo\/ -->\n<title>Products - Waybo<\/title>\n<meta name=\"description\" content=\"Optimiser la performance des entreprises tout en r\u00e9duisant les co\u00fbts de production. \u00c9quipements qui augmentent le rendement des entreprises, cellule robotis\u00e9e. Partenaire des produits Kuka.\" \/>\n<meta name=\"robots\" content=\"index, follow, max-snippet:-1, max-image-preview:large, max-video-preview:-1\" \/>\n<link rel=\"canonical\" href=\"https:\/\/waybo.com\/en\/products\/\" \/>\n<meta property=\"og:locale\" content=\"en_US\" \/>\n<meta property=\"og:type\" content=\"article\" \/>\n<meta property=\"og:title\" content=\"Products - Waybo\" \/>\n<meta property=\"og:description\" content=\"Optimiser la performance des entreprises tout en r\u00e9duisant les co\u00fbts de production. \u00c9quipements qui augmentent le rendement des entreprises, cellule robotis\u00e9e. Partenaire des produits Kuka.\" \/>\n<meta property=\"og:url\" content=\"https:\/\/waybo.com\/en\/products\/\" \/>\n<meta property=\"og:site_name\" content=\"Waybo\" \/>\n<meta property=\"article:publisher\" content=\"https:\/\/www.facebook.com\/Waybo-483601682375217\/\" \/>\n<meta property=\"article:modified_time\" content=\"2024-06-14T19:44:43+00:00\" \/>\n<meta property=\"og:image\" content=\"https:\/\/waybo.com\/wp-content\/uploads\/slider-produits.jpg\" \/>\n\t<meta property=\"og:image:width\" content=\"2000\" \/>\n\t<meta property=\"og:image:height\" content=\"975\" \/>\n\t<meta property=\"og:image:type\" content=\"image\/jpeg\" \/>\n<meta name=\"twitter:card\" content=\"summary_large_image\" \/>\n<meta name=\"twitter:label1\" content=\"Est. reading time\" \/>\n\t<meta name=\"twitter:data1\" content=\"2 minutes\" \/>\n<script type=\"application\/ld+json\" class=\"yoast-schema-graph\">{\"@context\":\"https:\/\/schema.org\",\"@graph\":[{\"@type\":\"WebPage\",\"@id\":\"https:\/\/waybo.com\/en\/products\/\",\"url\":\"https:\/\/waybo.com\/en\/products\/\",\"name\":\"Products - Waybo\",\"isPartOf\":{\"@id\":\"https:\/\/waybo.com\/en\/#website\"},\"datePublished\":\"2015-07-18T13:29:33+00:00\",\"dateModified\":\"2024-06-14T19:44:43+00:00\",\"description\":\"Optimiser la performance des entreprises tout en r\u00e9duisant les co\u00fbts de production. \u00c9quipements qui augmentent le rendement des entreprises, cellule robotis\u00e9e. Partenaire des produits Kuka.\",\"breadcrumb\":{\"@id\":\"https:\/\/waybo.com\/en\/products\/#breadcrumb\"},\"inLanguage\":\"en-US\",\"potentialAction\":[{\"@type\":\"ReadAction\",\"target\":[\"https:\/\/waybo.com\/en\/products\/\"]}]},{\"@type\":\"BreadcrumbList\",\"@id\":\"https:\/\/waybo.com\/en\/products\/#breadcrumb\",\"itemListElement\":[{\"@type\":\"ListItem\",\"position\":1,\"name\":\"Accueil\",\"item\":\"https:\/\/waybo.com\/en\/\"},{\"@type\":\"ListItem\",\"position\":2,\"name\":\"Products\"}]},{\"@type\":\"WebSite\",\"@id\":\"https:\/\/waybo.com\/en\/#website\",\"url\":\"https:\/\/waybo.com\/en\/\",\"name\":\"Waybo\",\"description\":\"We Automate Your business' Operations\",\"potentialAction\":[{\"@type\":\"SearchAction\",\"target\":{\"@type\":\"EntryPoint\",\"urlTemplate\":\"https:\/\/waybo.com\/en\/?s={search_term_string}\"},\"query-input\":{\"@type\":\"PropertyValueSpecification\",\"valueRequired\":true,\"valueName\":\"search_term_string\"}}],\"inLanguage\":\"en-US\"}]}<\/script>\n<!-- \/ Yoast SEO plugin. -->","yoast_head_json":{"title":"Products - Waybo","description":"Optimiser la performance des entreprises tout en r\u00e9duisant les co\u00fbts de production. \u00c9quipements qui augmentent le rendement des entreprises, cellule robotis\u00e9e. Partenaire des produits Kuka.","robots":{"index":"index","follow":"follow","max-snippet":"max-snippet:-1","max-image-preview":"max-image-preview:large","max-video-preview":"max-video-preview:-1"},"canonical":"https:\/\/waybo.com\/en\/products\/","og_locale":"en_US","og_type":"article","og_title":"Products - Waybo","og_description":"Optimiser la performance des entreprises tout en r\u00e9duisant les co\u00fbts de production. \u00c9quipements qui augmentent le rendement des entreprises, cellule robotis\u00e9e. Partenaire des produits Kuka.","og_url":"https:\/\/waybo.com\/en\/products\/","og_site_name":"Waybo","article_publisher":"https:\/\/www.facebook.com\/Waybo-483601682375217\/","article_modified_time":"2024-06-14T19:44:43+00:00","og_image":[{"width":2000,"height":975,"url":"https:\/\/waybo.com\/wp-content\/uploads\/slider-produits.jpg","type":"image\/jpeg"}],"twitter_card":"summary_large_image","twitter_misc":{"Est. reading time":"2 minutes"},"schema":{"@context":"https:\/\/schema.org","@graph":[{"@type":"WebPage","@id":"https:\/\/waybo.com\/en\/products\/","url":"https:\/\/waybo.com\/en\/products\/","name":"Products - Waybo","isPartOf":{"@id":"https:\/\/waybo.com\/en\/#website"},"datePublished":"2015-07-18T13:29:33+00:00","dateModified":"2024-06-14T19:44:43+00:00","description":"Optimiser la performance des entreprises tout en r\u00e9duisant les co\u00fbts de production. \u00c9quipements qui augmentent le rendement des entreprises, cellule robotis\u00e9e. Partenaire des produits Kuka.","breadcrumb":{"@id":"https:\/\/waybo.com\/en\/products\/#breadcrumb"},"inLanguage":"en-US","potentialAction":[{"@type":"ReadAction","target":["https:\/\/waybo.com\/en\/products\/"]}]},{"@type":"BreadcrumbList","@id":"https:\/\/waybo.com\/en\/products\/#breadcrumb","itemListElement":[{"@type":"ListItem","position":1,"name":"Accueil","item":"https:\/\/waybo.com\/en\/"},{"@type":"ListItem","position":2,"name":"Products"}]},{"@type":"WebSite","@id":"https:\/\/waybo.com\/en\/#website","url":"https:\/\/waybo.com\/en\/","name":"Waybo","description":"We Automate Your business' Operations","potentialAction":[{"@type":"SearchAction","target":{"@type":"EntryPoint","urlTemplate":"https:\/\/waybo.com\/en\/?s={search_term_string}"},"query-input":{"@type":"PropertyValueSpecification","valueRequired":true,"valueName":"search_term_string"}}],"inLanguage":"en-US"}]}},"_links":{"self":[{"href":"https:\/\/waybo.com\/en\/wp-json\/wp\/v2\/pages\/1446"}],"collection":[{"href":"https:\/\/waybo.com\/en\/wp-json\/wp\/v2\/pages"}],"about":[{"href":"https:\/\/waybo.com\/en\/wp-json\/wp\/v2\/types\/page"}],"author":[{"embeddable":true,"href":"https:\/\/waybo.com\/en\/wp-json\/wp\/v2\/users\/1"}],"replies":[{"embeddable":true,"href":"https:\/\/waybo.com\/en\/wp-json\/wp\/v2\/comments?post=1446"}],"version-history":[{"count":25,"href":"https:\/\/waybo.com\/en\/wp-json\/wp\/v2\/pages\/1446\/revisions"}],"predecessor-version":[{"id":3652,"href":"https:\/\/waybo.com\/en\/wp-json\/wp\/v2\/pages\/1446\/revisions\/3652"}],"wp:attachment":[{"href":"https:\/\/waybo.com\/en\/wp-json\/wp\/v2\/media?parent=1446"}],"curies":[{"name":"wp","href":"https:\/\/api.w.org\/{rel}","templated":true}]}}